{"id":1321,"date":"2021-03-28T15:33:52","date_gmt":"2021-03-28T15:33:52","guid":{"rendered":"http:\/\/www.mischis.ch\/?page_id=1321"},"modified":"2026-03-30T14:14:08","modified_gmt":"2026-03-30T14:14:08","slug":"osterhasen","status":"publish","type":"page","link":"https:\/\/www.mischis.ch\/?page_id=1321","title":{"rendered":"Osterhasen"},"content":{"rendered":"<h2 style=\"text-align: center;\"><strong><span style=\"color: #ff00ff;\">Osterhasen<\/span><\/strong><\/h2>\n<p align=\"center\"><span lang=\"DE\" style=\"color: #ff00ff;\">Osterhasen weiss, hell, dunkel und gef\u00fcllte Minih\u00e4sli sind ab Februar 2027 wieder erh\u00e4ltlich.\u00a0<\/span><\/p>\n<p align=\"center\"><img loading=\"lazy\" decoding=\"async\" class=\"alignnone size-medium wp-image-895\" src=\"http:\/\/www.mischis.ch\/wp-content\/uploads\/2019\/03\/P1040296-300x200.jpg\" alt=\"\" width=\"300\" height=\"200\" srcset=\"https:\/\/www.mischis.ch\/wp-content\/uploads\/2019\/03\/P1040296-300x200.jpg 300w, https:\/\/www.mischis.ch\/wp-content\/uploads\/2019\/03\/P1040296-768x512.jpg 768w, https:\/\/www.mischis.ch\/wp-content\/uploads\/2019\/03\/P1040296-1024x683.jpg 1024w, https:\/\/www.mischis.ch\/wp-content\/uploads\/2019\/03\/P1040296-600x400.jpg 600w\" sizes=\"auto, (max-width: 300px) 100vw, 300px\" \/>\u00a0 \u00a0\u00a0<img loading=\"lazy\" decoding=\"async\" class=\"alignnone size-medium wp-image-860\" src=\"http:\/\/www.mischis.ch\/wp-content\/uploads\/2019\/03\/P1040288-300x200.jpg\" alt=\"\" width=\"300\" height=\"200\" srcset=\"https:\/\/www.mischis.ch\/wp-content\/uploads\/2019\/03\/P1040288-300x200.jpg 300w, https:\/\/www.mischis.ch\/wp-content\/uploads\/2019\/03\/P1040288-768x512.jpg 768w, https:\/\/www.mischis.ch\/wp-content\/uploads\/2019\/03\/P1040288-1024x683.jpg 1024w, https:\/\/www.mischis.ch\/wp-content\/uploads\/2019\/03\/P1040288-600x400.jpg 600w\" sizes=\"auto, (max-width: 300px) 100vw, 300px\" \/><\/p>\n<p align=\"center\"><span style=\"color: #ff00ff;\"><img loading=\"lazy\" decoding=\"async\" class=\"alignnone size-medium wp-image-716\" src=\"http:\/\/www.mischis.ch\/wp-content\/uploads\/2018\/02\/DSC_0261_NEU_bearbeitet-1-Kopie-300x199.jpg\" alt=\"\" width=\"300\" height=\"199\" srcset=\"https:\/\/www.mischis.ch\/wp-content\/uploads\/2018\/02\/DSC_0261_NEU_bearbeitet-1-Kopie-300x199.jpg 300w, https:\/\/www.mischis.ch\/wp-content\/uploads\/2018\/02\/DSC_0261_NEU_bearbeitet-1-Kopie-600x398.jpg 600w, https:\/\/www.mischis.ch\/wp-content\/uploads\/2018\/02\/DSC_0261_NEU_bearbeitet-1-Kopie-768x509.jpg 768w, https:\/\/www.mischis.ch\/wp-content\/uploads\/2018\/02\/DSC_0261_NEU_bearbeitet-1-Kopie-1024x679.jpg 1024w\" sizes=\"auto, (max-width: 300px) 100vw, 300px\" \/>\u00a0 \u00a0 <img loading=\"lazy\" decoding=\"async\" class=\"alignnone size-medium wp-image-1707\" src=\"http:\/\/www.mischis.ch\/wp-content\/uploads\/2018\/02\/Huttenhase_gross-1-e1711746614441-300x200.jpg\" alt=\"\" width=\"300\" height=\"200\" srcset=\"https:\/\/www.mischis.ch\/wp-content\/uploads\/2018\/02\/Huttenhase_gross-1-e1711746614441-300x200.jpg 300w, https:\/\/www.mischis.ch\/wp-content\/uploads\/2018\/02\/Huttenhase_gross-1-e1711746614441-1024x683.jpg 1024w, https:\/\/www.mischis.ch\/wp-content\/uploads\/2018\/02\/Huttenhase_gross-1-e1711746614441-768x512.jpg 768w, https:\/\/www.mischis.ch\/wp-content\/uploads\/2018\/02\/Huttenhase_gross-1-e1711746614441-600x400.jpg 600w, https:\/\/www.mischis.ch\/wp-content\/uploads\/2018\/02\/Huttenhase_gross-1-e1711746614441.jpg 1225w\" sizes=\"auto, (max-width: 300px) 100vw, 300px\" \/><\/span><\/p>\n<p align=\"center\"><img loading=\"lazy\" decoding=\"async\" class=\"alignnone wp-image-730 size-medium\" src=\"http:\/\/www.mischis.ch\/wp-content\/uploads\/2018\/03\/G\u00e4rtner_gross-e1711746818272-300x200.jpg\" alt=\"\" width=\"300\" height=\"200\" srcset=\"https:\/\/www.mischis.ch\/wp-content\/uploads\/2018\/03\/G\u00e4rtner_gross-e1711746818272-300x200.jpg 300w, https:\/\/www.mischis.ch\/wp-content\/uploads\/2018\/03\/G\u00e4rtner_gross-e1711746818272-600x400.jpg 600w, https:\/\/www.mischis.ch\/wp-content\/uploads\/2018\/03\/G\u00e4rtner_gross-e1711746818272-768x512.jpg 768w, https:\/\/www.mischis.ch\/wp-content\/uploads\/2018\/03\/G\u00e4rtner_gross-e1711746818272-1024x683.jpg 1024w, https:\/\/www.mischis.ch\/wp-content\/uploads\/2018\/03\/G\u00e4rtner_gross-e1711746818272.jpg 1225w\" sizes=\"auto, (max-width: 300px) 100vw, 300px\" \/>\u00a0 \u00a0 <img loading=\"lazy\" decoding=\"async\" class=\"size-medium wp-image-1709 alignnone\" src=\"http:\/\/www.mischis.ch\/wp-content\/uploads\/2018\/02\/DSC_0608-1-300x199.jpg\" alt=\"\" width=\"300\" height=\"199\" srcset=\"https:\/\/www.mischis.ch\/wp-content\/uploads\/2018\/02\/DSC_0608-1-300x199.jpg 300w, https:\/\/www.mischis.ch\/wp-content\/uploads\/2018\/02\/DSC_0608-1-1024x680.jpg 1024w, https:\/\/www.mischis.ch\/wp-content\/uploads\/2018\/02\/DSC_0608-1-768x510.jpg 768w, https:\/\/www.mischis.ch\/wp-content\/uploads\/2018\/02\/DSC_0608-1-1536x1020.jpg 1536w, https:\/\/www.mischis.ch\/wp-content\/uploads\/2018\/02\/DSC_0608-1-2048x1360.jpg 2048w, https:\/\/www.mischis.ch\/wp-content\/uploads\/2018\/02\/DSC_0608-1-600x399.jpg 600w\" sizes=\"auto, (max-width: 300px) 100vw, 300px\" \/><\/p>\n<p align=\"center\"><img loading=\"lazy\" decoding=\"async\" class=\"alignnone size-medium wp-image-1712\" src=\"http:\/\/www.mischis.ch\/wp-content\/uploads\/2018\/02\/DSC_0572-Kopie-Kopie-1-300x199.jpg\" alt=\"\" width=\"300\" height=\"199\" srcset=\"https:\/\/www.mischis.ch\/wp-content\/uploads\/2018\/02\/DSC_0572-Kopie-Kopie-1-300x199.jpg 300w, https:\/\/www.mischis.ch\/wp-content\/uploads\/2018\/02\/DSC_0572-Kopie-Kopie-1-1024x680.jpg 1024w, https:\/\/www.mischis.ch\/wp-content\/uploads\/2018\/02\/DSC_0572-Kopie-Kopie-1-768x510.jpg 768w, https:\/\/www.mischis.ch\/wp-content\/uploads\/2018\/02\/DSC_0572-Kopie-Kopie-1-1536x1020.jpg 1536w, https:\/\/www.mischis.ch\/wp-content\/uploads\/2018\/02\/DSC_0572-Kopie-Kopie-1-2048x1360.jpg 2048w, https:\/\/www.mischis.ch\/wp-content\/uploads\/2018\/02\/DSC_0572-Kopie-Kopie-1-600x399.jpg 600w\" sizes=\"auto, (max-width: 300px) 100vw, 300px\" \/>\u00a0 \u00a0 <img loading=\"lazy\" decoding=\"async\" class=\"alignnone size-medium wp-image-1711\" src=\"http:\/\/www.mischis.ch\/wp-content\/uploads\/2018\/02\/DSC_0572-Kopie-1-300x199.jpg\" alt=\"\" width=\"300\" height=\"199\" srcset=\"https:\/\/www.mischis.ch\/wp-content\/uploads\/2018\/02\/DSC_0572-Kopie-1-300x199.jpg 300w, https:\/\/www.mischis.ch\/wp-content\/uploads\/2018\/02\/DSC_0572-Kopie-1-1024x680.jpg 1024w, https:\/\/www.mischis.ch\/wp-content\/uploads\/2018\/02\/DSC_0572-Kopie-1-768x510.jpg 768w, https:\/\/www.mischis.ch\/wp-content\/uploads\/2018\/02\/DSC_0572-Kopie-1-1536x1020.jpg 1536w, https:\/\/www.mischis.ch\/wp-content\/uploads\/2018\/02\/DSC_0572-Kopie-1-2048x1360.jpg 2048w, https:\/\/www.mischis.ch\/wp-content\/uploads\/2018\/02\/DSC_0572-Kopie-1-600x399.jpg 600w\" sizes=\"auto, (max-width: 300px) 100vw, 300px\" \/><\/p>\n","protected":false},"excerpt":{"rendered":"<p>Osterhasen Osterhasen weiss, hell, dunkel und gef\u00fcllte Minih\u00e4sli sind ab Februar 2027 wieder erh\u00e4ltlich.\u00a0 \u00a0 \u00a0\u00a0 \u00a0 \u00a0 \u00a0 \u00a0 \u00a0 \u00a0<\/p>\n","protected":false},"author":2,"featured_media":0,"parent":0,"menu_order":0,"comment_status":"closed","ping_status":"closed","template":"","meta":{"footnotes":""},"class_list":["post-1321","page","type-page","status-publish","hentry"],"_links":{"self":[{"href":"https:\/\/www.mischis.ch\/index.php?rest_route=\/wp\/v2\/pages\/1321","targetHints":{"allow":["GET"]}}],"collection":[{"href":"https:\/\/www.mischis.ch\/index.php?rest_route=\/wp\/v2\/pages"}],"about":[{"href":"https:\/\/www.mischis.ch\/index.php?rest_route=\/wp\/v2\/types\/page"}],"author":[{"embeddable":true,"href":"https:\/\/www.mischis.ch\/index.php?rest_route=\/wp\/v2\/users\/2"}],"replies":[{"embeddable":true,"href":"https:\/\/www.mischis.ch\/index.php?rest_route=%2Fwp%2Fv2%2Fcomments&post=1321"}],"version-history":[{"count":15,"href":"https:\/\/www.mischis.ch\/index.php?rest_route=\/wp\/v2\/pages\/1321\/revisions"}],"predecessor-version":[{"id":1973,"href":"https:\/\/www.mischis.ch\/index.php?rest_route=\/wp\/v2\/pages\/1321\/revisions\/1973"}],"wp:attachment":[{"href":"https:\/\/www.mischis.ch\/index.php?rest_route=%2Fwp%2Fv2%2Fmedia&parent=1321"}],"curies":[{"name":"wp","href":"https:\/\/api.w.org\/{rel}","templated":true}]}}