{"id":276,"date":"2017-10-08T15:23:35","date_gmt":"2017-10-08T15:23:35","guid":{"rendered":"http:\/\/www.mischis.ch\/?page_id=276"},"modified":"2024-01-07T16:41:56","modified_gmt":"2024-01-07T16:41:56","slug":"agb","status":"publish","type":"page","link":"https:\/\/www.mischis.ch\/?page_id=276","title":{"rendered":"AGB"},"content":{"rendered":"<hr \/>\n<div id=\"CONTENT-LAYER\" class=\"contentLayer_large\">\n<h1>Allgemeine Gesch\u00e4ftsbedingungen<\/h1>\n<h2>1. Anwendungsbereich<\/h2>\n<p>Die nachfolgenden allgemeinen Gesch\u00e4ftsbedingungen beziehen sich auf den Webshop von Mischis Confiserie auf www.mischis.ch und die \u00fcber diesen Shop abgewickelten Kundenauftr\u00e4ge.<\/p>\n<h2>2. Bestellungen<\/h2>\n<p>Die vom K\u00e4ufer online aufgegebene Bestellung wird\u00a0sp\u00e4testens\u00a0innert\u00a048 Stunden nach Eingang der Bezahlung per Mail best\u00e4tigt. Falls eine Lieferung der bestellten Produkte nicht m\u00f6glich ist werden wir innerhalb dieser Frist mit dem K\u00e4ufer in Kontakt treten. Bis zum Versand der Auftragsbest\u00e4tigung\u00a0hat der Kunde die M\u00f6glichkeit den Auftrag zu ver\u00e4ndern oder zu stornieren. Der Kauf von alkoholischen Produkten ist in der Schweiz f\u00fcr Personen unter 18 Jahren gesetzlich verboten. Wenn Sie solche Produkte kaufen, best\u00e4tigen Sie hiermit, dass Sie 18 Jahre oder \u00e4lter sind.<\/p>\n<h2>3. Zahlungsbedingungen und Preise<\/h2>\n<p>Alle auf Mischis Confiserie ausgewiesenen Preise sind Nettopreise (nicht Mehrwertssteuerpflichtig). Es stehen folgende Zahlungsm\u00f6glichkeiten zur Verf\u00fcgung:<\/p>\n<ul>\n<li>Barzahlung bei Abholung. In diesem Falle ist bei Abholung der bestellten Produkte in 8332 Rumlikon der Rechnungsbetrag in bar zu begleichen. Achtung, Abholung nur nach vorg\u00e4ngiger Terminvereinbarung m\u00f6glich.<\/li>\n<li>Bezahlung mittels Kreditkarte. Sobald die Gutschrift des Rechnungsbetrages erfolgt ist wird die Bestellung umgehend bearbeitet.<\/li>\n<li>Bezahlung mittels \u00dcberweisung auf unser Bankkonto. Die Bestellung wird bearbeitet sobald der geschuldete Rechnungsbetrag auf unserem Konto\u00a0gutgeschrieben wurde. Bei \u00dcberweisung ist zwingend die Bestellnummer als Referenz anzugeben.<\/li>\n<\/ul>\n<\/div>\n<h2>4. Lieferung oder Abholung<\/h2>\n<p>Die Auslieferung erfolgt im Normalfall innerhalb von f\u00fcnf Arbeitstagen nach Eingang der Bezahlung. Ist eine Lieferung innerhalb von f\u00fcnf Tagen nicht m\u00f6glich erfolgt im Rahmen der Auftragsbest\u00e4tigung eine entsprechende Information an den K\u00e4ufer. Ausgenommen davon ist die Versandart &#8222;Kostenlose Lieferung innerhalb von 14 Tagen&#8220;, bei welcher eine Auslieferung entsprechend innerhalb von 14 Tagen erfolgt. Mischis Confiserie liefert nur innerhalb der Schweiz. In der Region Rumlikon bieten wir\u00a0Gratislieferung ohne Mindestbestellmenge an. Diese Gratislieferung beschr\u00e4nkt sich auf folgende Postleitzahlen: 8320, 8308, 8322, 8330, 8332, 8335, 8484, 8605, 8607, 8610, 8612, 8613, 8620, 8621, 8622, 8623. Lieferungen ausserhalb dieser Postleitzahlen erfolgen mit der Schweizerischen Post. F\u00fcr diese Lieferungen berechnen wir eine Lieferpauschale von 11 Franken pro Bestellung. Diese Pauschale enth\u00e4lt auch die entsprechenden Verpackungskosten. Ab einem Bestellwert von 150 Franken entf\u00e4llt die Lieferpauschale.<\/p>\n<p>Die Bestellungen k\u00f6nnen auch durch den Kunden vor Ort in 8332 Rumlikon abgeholt werden. Bitte beachten Sie, dass die Abholung nur nach vorg\u00e4ngiger Terminvereinbarung m\u00f6glich ist. Bei entsprechender Verf\u00fcgbarkeit der Produkte ist eine Abholung auch kurzfristig m\u00f6glich.<\/p>\n<h2>5. Warenpr\u00fcfung und Umtausch<\/h2>\n<div id=\"CONTENT-LAYER\" class=\"contentLayer_large\">\n<p>Der K\u00e4ufer hat die Ware bei Ankunft auf die Vollst\u00e4ndigkeit zu \u00fcberpr\u00fcfen. Sollten M\u00e4ngel, Besch\u00e4digung\u00a0oder Unvollst\u00e4ndigkeit vorhanden sein, ist jene umgehend (Bei Abholung direkt vor Ort oder bei Lieferung sp\u00e4testens innerhalb von 48 Stunden nach Empfang der Lieferung) an Mischis Confiserie, Mich\u00e8le Th\u00fcr, zu melden.<\/p>\n<h2>6. Datenschutz<\/h2>\n<p>Die durch die Bestellung erhobenen Daten werden nicht an Dritte weitergeleitet. Die Daten k\u00f6nnen f\u00fcr Werbezwecke von Mischis Confiserie verwendet werden (z.B. Newsletter).<\/p>\n<h2>Allergene<\/h2>\n<p>Informationen zu Allergenen m\u00fcssen bei Mich\u00e8le Th\u00fcr (info@mischis.ch) nachgefragt werden.<\/p>\n<h2>7. Urheberrechte &amp; Rechtshinweis<\/h2>\n<p>Mischis Confiserie \u00fcbernimmt keine Garantie f\u00fcr die Richtigkeit ihrer Website wie z. B. fehlerhafte oder unvollst\u00e4ndige Angaben. Alle Angaben und Angebote auf www.mischis.ch sind unverbindlich und\u00a0ohne Gew\u00e4hr. <span style=\"color: #000000;\">Gerichtsstand ist 8330 Pf\u00e4ffikon ZH<\/span><\/p>\n<\/div>\n","protected":false},"excerpt":{"rendered":"<p>Allgemeine Gesch\u00e4ftsbedingungen 1. Anwendungsbereich Die nachfolgenden allgemeinen Gesch\u00e4ftsbedingungen beziehen sich auf den Webshop von Mischis Confiserie auf www.mischis.ch und die \u00fcber diesen Shop abgewickelten Kundenauftr\u00e4ge. 2. Bestellungen Die vom K\u00e4ufer online aufgegebene Bestellung wird\u00a0sp\u00e4testens\u00a0innert\u00a048 Stunden nach Eingang der Bezahlung per Mail best\u00e4tigt. Falls eine Lieferung der bestellten Produkte nicht m\u00f6glich ist werden wir innerhalb dieser Frist mit dem K\u00e4ufer in Kontakt treten. Bis zum Versand der Auftragsbest\u00e4tigung\u00a0hat der Kunde die M\u00f6glichkeit den Auftrag zu ver\u00e4ndern oder zu stornieren. Der Kauf von alkoholischen Produkten ist in der Schweiz f\u00fcr Personen unter 18 Jahren gesetzlich verboten. Wenn Sie solche Produkte kaufen, best\u00e4tigen Sie hiermit, dass Sie 18 Jahre oder \u00e4lter sind. 3.&hellip; <a class=\"read-more\" href=\"https:\/\/www.mischis.ch\/?page_id=276\">Mehr Lesen<\/a><\/p>\n","protected":false},"author":2,"featured_media":0,"parent":0,"menu_order":0,"comment_status":"closed","ping_status":"closed","template":"","meta":{"footnotes":""},"class_list":["post-276","page","type-page","status-publish","hentry"],"_links":{"self":[{"href":"https:\/\/www.mischis.ch\/index.php?rest_route=\/wp\/v2\/pages\/276","targetHints":{"allow":["GET"]}}],"collection":[{"href":"https:\/\/www.mischis.ch\/index.php?rest_route=\/wp\/v2\/pages"}],"about":[{"href":"https:\/\/www.mischis.ch\/index.php?rest_route=\/wp\/v2\/types\/page"}],"author":[{"embeddable":true,"href":"https:\/\/www.mischis.ch\/index.php?rest_route=\/wp\/v2\/users\/2"}],"replies":[{"embeddable":true,"href":"https:\/\/www.mischis.ch\/index.php?rest_route=%2Fwp%2Fv2%2Fcomments&post=276"}],"version-history":[{"count":14,"href":"https:\/\/www.mischis.ch\/index.php?rest_route=\/wp\/v2\/pages\/276\/revisions"}],"predecessor-version":[{"id":1669,"href":"https:\/\/www.mischis.ch\/index.php?rest_route=\/wp\/v2\/pages\/276\/revisions\/1669"}],"wp:attachment":[{"href":"https:\/\/www.mischis.ch\/index.php?rest_route=%2Fwp%2Fv2%2Fmedia&parent=276"}],"curies":[{"name":"wp","href":"https:\/\/api.w.org\/{rel}","templated":true}]}}