{"id":1164,"date":"2020-10-23T19:52:00","date_gmt":"2020-10-23T19:52:00","guid":{"rendered":"http:\/\/www.mischis.ch\/?post_type=product&#038;p=1164"},"modified":"2025-08-18T06:17:27","modified_gmt":"2025-08-18T06:17:27","slug":"truffes-gemischt-200-500-gramm","status":"publish","type":"product","link":"https:\/\/www.mischis.ch\/?product=truffes-gemischt-200-500-gramm","title":{"rendered":"Rahmtruffes gemischt (200 &#8211; 500 Gramm)"},"content":{"rendered":"<p><strong>Rahmtruffes gemischt<\/strong><\/p>\n<p>Zutaten: Zucker, Kakaobutter, <strong>Magermilchpulver<\/strong>, <strong>Rahm, <\/strong>Kakaokerne,<strong> Butterfett<\/strong>,<strong> Milchproteine<\/strong>, Feuchthaltemittel: Sorbit, Emulgator: <strong>Sojalecithin<\/strong>,Verdickungsmittel:E407, Vanille, nat\u00fcrliches Aroma, nat\u00fcrliche Aromastoffe, Sorbins\u00e4ure (E200)<\/p>\n<p>Kann Gluten (inkl. Weizen), andere N\u00fcsse, Mandeln, Pistazien, Ei enthalten<\/p>\n<p>Haltbarkeit:\u00a04 Wochen<\/p>\n","protected":false},"excerpt":{"rendered":"<p>200, 300 oder 500 Gramm Truffes gemischt im transparenten S\u00e4ckli.<\/p>\n<ul>\n<li>Truffes weiss<\/li>\n<li>Truffes hell<\/li>\n<li>Truffes dunkel<\/li>\n<\/ul>\n","protected":false},"featured_media":1158,"template":"","meta":[],"product_cat":[17],"product_tag":[72],"class_list":{"0":"post-1164","1":"product","2":"type-product","3":"status-publish","4":"has-post-thumbnail","6":"product_cat-truffes-offen","7":"product_tag-truffes","9":"first","10":"instock","11":"shipping-taxable","12":"purchasable","13":"product-type-variable","14":"has-default-attributes"},"_links":{"self":[{"href":"https:\/\/www.mischis.ch\/index.php?rest_route=\/wp\/v2\/product\/1164","targetHints":{"allow":["GET"]}}],"collection":[{"href":"https:\/\/www.mischis.ch\/index.php?rest_route=\/wp\/v2\/product"}],"about":[{"href":"https:\/\/www.mischis.ch\/index.php?rest_route=\/wp\/v2\/types\/product"}],"wp:featuredmedia":[{"embeddable":true,"href":"https:\/\/www.mischis.ch\/index.php?rest_route=\/wp\/v2\/media\/1158"}],"wp:attachment":[{"href":"https:\/\/www.mischis.ch\/index.php?rest_route=%2Fwp%2Fv2%2Fmedia&parent=1164"}],"wp:term":[{"taxonomy":"product_cat","embeddable":true,"href":"https:\/\/www.mischis.ch\/index.php?rest_route=%2Fwp%2Fv2%2Fproduct_cat&post=1164"},{"taxonomy":"product_tag","embeddable":true,"href":"https:\/\/www.mischis.ch\/index.php?rest_route=%2Fwp%2Fv2%2Fproduct_tag&post=1164"}],"curies":[{"name":"wp","href":"https:\/\/api.w.org\/{rel}","templated":true}]}}