{"id":1652,"date":"2023-12-09T17:01:36","date_gmt":"2023-12-09T17:01:36","guid":{"rendered":"http:\/\/www.mischis.ch\/?post_type=product&#038;p=1652"},"modified":"2025-11-30T18:44:09","modified_gmt":"2025-11-30T18:44:09","slug":"25er-schachtel-gefuellt-mit-12-sorten-pralines","status":"publish","type":"product","link":"https:\/\/www.mischis.ch\/?product=25er-schachtel-gefuellt-mit-12-sorten-pralines","title":{"rendered":"25er Schachtel gef\u00fcllt mit 12 Sorten Pralines"},"content":{"rendered":"<div>\n<p><strong>12 Sorten Pralines gemischt mit Sternli<\/strong><\/p>\n<p>Zutaten: Zucker, Kakaobutter, <strong>Vollmilchpulver<\/strong>, <strong>Magermilchpulver<\/strong>, <strong>Rahm, Haseln\u00fcsse<\/strong>, Kakaokerne, Marc de Champagne 55%Vol., Grappa Berta Elisi 43Vol%, Baselbieter Kirsch 43Vol%, Z\u00fcrcher Quittenschnaps 42Vol%, Grand Marnier 50% Vol., Baileys 17% Vol., Whisky 40%Vol.,<strong> Butter, Butterfett<\/strong>,<strong> Milchproteine<\/strong>, Feuchthaltemittel: Sorbit, Glukose, Emulgator: <strong>Sojalecithin<\/strong>, Verdickungsmittel:E407, Vanille, nat\u00fcrliches Aroma, nat\u00fcrliche Aromastoffe, Sorbins\u00e4ure (E200), Farbstoffe (E171, E100),<\/p>\n<p>Kann Gluten (inkl. Weizen), andere N\u00fcsse, Mandeln, Pistazien, Ei enthalten<\/p>\n<p>Haltbarkeit:\u00a04 Wochen<\/p>\n<\/div>\n<div><\/div>\n<div><\/div>\n<div><\/div>\n","protected":false},"excerpt":{"rendered":"<div>25er Schachtel mit<\/div>\n<div>\n<ul>\n<li>2 Liqueurkugeln Grappa<\/li>\n<li>2 Liqueurkugeln Quitte<\/li>\n<li>2 Liqueurkugeln Kirsch<\/li>\n<li>2 Truffes dunkel<\/li>\n<li>2 Truffes hell<\/li>\n<li>2 Truffes weiss<\/li>\n<li>2 Champagnertruffes<\/li>\n<li>2 Grand Marnier Truffes<\/li>\n<li>2 Baileystruffes<\/li>\n<li>3 Giandujasternli hell<\/li>\n<li>2 Giandujasternli weiss<\/li>\n<li>2 Giandujasternli dunkel<\/li>\n<\/ul>\n<\/div>\n<div><\/div>\n","protected":false},"featured_media":1653,"template":"","meta":[],"product_cat":[16,70],"product_tag":[76,81,78,102,154,73,71,83],"class_list":{"0":"post-1652","1":"product","2":"type-product","3":"status-publish","4":"has-post-thumbnail","6":"product_cat-truffes-schachteln","7":"product_cat-25er-schachtel","8":"product_tag-bailestruffes","9":"product_tag-champagnertruffes","10":"product_tag-grand-marnier-truffes","11":"product_tag-liqueur-kugeln-grappa","12":"product_tag-liqueur-kugeln-quitte","13":"product_tag-truffes-dunkel","14":"product_tag-truffes-hell","15":"product_tag-truffes-weiss","17":"first","18":"instock","19":"shipping-taxable","20":"purchasable","21":"product-type-simple"},"_links":{"self":[{"href":"https:\/\/www.mischis.ch\/index.php?rest_route=\/wp\/v2\/product\/1652","targetHints":{"allow":["GET"]}}],"collection":[{"href":"https:\/\/www.mischis.ch\/index.php?rest_route=\/wp\/v2\/product"}],"about":[{"href":"https:\/\/www.mischis.ch\/index.php?rest_route=\/wp\/v2\/types\/product"}],"wp:featuredmedia":[{"embeddable":true,"href":"https:\/\/www.mischis.ch\/index.php?rest_route=\/wp\/v2\/media\/1653"}],"wp:attachment":[{"href":"https:\/\/www.mischis.ch\/index.php?rest_route=%2Fwp%2Fv2%2Fmedia&parent=1652"}],"wp:term":[{"taxonomy":"product_cat","embeddable":true,"href":"https:\/\/www.mischis.ch\/index.php?rest_route=%2Fwp%2Fv2%2Fproduct_cat&post=1652"},{"taxonomy":"product_tag","embeddable":true,"href":"https:\/\/www.mischis.ch\/index.php?rest_route=%2Fwp%2Fv2%2Fproduct_tag&post=1652"}],"curies":[{"name":"wp","href":"https:\/\/api.w.org\/{rel}","templated":true}]}}