{"id":604,"date":"2018-02-10T20:18:32","date_gmt":"2018-02-10T20:18:32","guid":{"rendered":"http:\/\/www.mischis.ch\/?post_type=product&#038;p=604"},"modified":"2025-08-18T06:19:23","modified_gmt":"2025-08-18T06:19:23","slug":"liqueurkugeln-mit-grappa-8-stueck","status":"publish","type":"product","link":"https:\/\/www.mischis.ch\/?product=liqueurkugeln-mit-grappa-8-stueck","title":{"rendered":"Liqueurkugeln mit Grappa (15 St\u00fcck)"},"content":{"rendered":"<p><strong>Liqueurkugeln Grappa Berta Elisi <\/strong><\/p>\n<p>Zutaten: Zucker, Kakaokerne, Kakaomasse, Kakaobutter, Grappa Berta Elisi 43% Vol., Glukose, Emulgator: <strong>Sojalecithin<\/strong>, Vanille<\/p>\n<p>Kann Milch, Gluten (inkl. Weizen), andere N\u00fcsse, Mandeln enthalten<\/p>\n<p>Haltbarkeit:\u00a04 Wochen<\/p>\n","protected":false},"excerpt":{"rendered":"<p>15 Liqueurkugeln mit fl\u00fcssiger Grappa F\u00fcllung im transparenten S\u00e4ckli<\/p>\n","protected":false},"featured_media":1713,"template":"","meta":[],"product_cat":[17],"product_tag":[102],"class_list":{"0":"post-604","1":"product","2":"type-product","3":"status-publish","4":"has-post-thumbnail","6":"product_cat-truffes-offen","7":"product_tag-liqueur-kugeln-grappa","9":"first","10":"instock","11":"shipping-taxable","12":"purchasable","13":"product-type-simple"},"_links":{"self":[{"href":"https:\/\/www.mischis.ch\/index.php?rest_route=\/wp\/v2\/product\/604","targetHints":{"allow":["GET"]}}],"collection":[{"href":"https:\/\/www.mischis.ch\/index.php?rest_route=\/wp\/v2\/product"}],"about":[{"href":"https:\/\/www.mischis.ch\/index.php?rest_route=\/wp\/v2\/types\/product"}],"wp:featuredmedia":[{"embeddable":true,"href":"https:\/\/www.mischis.ch\/index.php?rest_route=\/wp\/v2\/media\/1713"}],"wp:attachment":[{"href":"https:\/\/www.mischis.ch\/index.php?rest_route=%2Fwp%2Fv2%2Fmedia&parent=604"}],"wp:term":[{"taxonomy":"product_cat","embeddable":true,"href":"https:\/\/www.mischis.ch\/index.php?rest_route=%2Fwp%2Fv2%2Fproduct_cat&post=604"},{"taxonomy":"product_tag","embeddable":true,"href":"https:\/\/www.mischis.ch\/index.php?rest_route=%2Fwp%2Fv2%2Fproduct_tag&post=604"}],"curies":[{"name":"wp","href":"https:\/\/api.w.org\/{rel}","templated":true}]}}